{"id":177,"date":"2013-07-05T19:00:44","date_gmt":"2013-07-05T18:00:44","guid":{"rendered":"http:\/\/www.lu-x.de\/blog\/index.php\/impressum\/"},"modified":"2013-07-05T19:00:44","modified_gmt":"2013-07-05T18:00:44","slug":"impressum","status":"publish","type":"page","link":"https:\/\/ludwig-schmidtpeter.de\/index.php\/impressum\/","title":{"rendered":"imprint"},"content":{"rendered":"<p><img loading=\"lazy\" decoding=\"async\" class=\"wp-image-710 aligncenter\" src=\"http:\/\/lu-x.de\/blog\/wp-content\/2016\/09\/stempelmastercurve2-700px.png\" alt=\"\" width=\"274\" height=\"276\" \/><\/p>\n<p>&nbsp;<\/p>\n<h3 style=\"text-align: left;\">Proof of Authenticity<\/h3>\n<p style=\"text-align: left;\">This sign stands for authenticity. Never trust any lu-x.de webpage without.<\/p>\n<hr \/>\n<h3 style=\"text-align: left;\">Responsibility<\/h3>\n<p style=\"text-align: left;\">Responsible for page content according to \u00a7 5 TMG \/ Telemedia Act\u2028- but not for contents of the links\u00a0 to external sites: Ludwig Schmidtpeter ||\u00a0\u00a0 Saarbruecken\u00a0 ||\u00a0 email info ( at) lu -x ( dot) de<\/p>\n<h3 style=\"text-align: left;\">Privacy Statement<\/h3>\n<\/p>\n<p style=\"text-align: left;\">Personal data are not collected on our websites. In no case shall information be sold or otherwise transferred to third parties . We are delighted when our website is linked &#8211; but it is important that we have no influence on the design and content of linked pages. Specifically, we must therefore dissociate ourselves from the contents in case of direct or indirect references to other websites.<\/p>\n<h3 style=\"text-align: left;\">Copyright and labeling requirements<\/h3>\n<p style=\"text-align: left;\">The information published on these pages are subject to German copyright law. Duplication , processing, distribution and exploitation outside the limits of copyright require the written consent . Downloads and copies of these pages are only permitted for private, non -commercial use.<\/p>\n<p>It is our goal to respect the copyrights of the graphics, texts, audio and video sequences from third parties as well in all publications . All mentioned and possibly protected by third parties on this website has brands and trademarks are thus fully the rights of the respective registered owners.<\/p>\n<hr \/>\n<h3 style=\"text-align: left;\"><\/h3>\n<h3 style=\"text-align: left;\">Echtheitsgarantie<\/h3>\n<p style=\"text-align: left;\">Dieses Zeichen steht f\u00fcr die Echtheit der gezeigten Inhalte. Vertrauen Sie nie lu-x.de Webseiten ohne dieses Zeichen.<\/p>\n<hr \/>\n<h3 style=\"text-align: left;\">Verantwortung<\/h3>\n<p>Verantwortlich f\u00fcr die Seiten-Inhalte im Sinne des \u00a75 TMG \/ Telemediengesetz<br \/>\n&#8211; nicht jedoch f\u00fcr Inhalte der Verweise auf externe Seiten &#8211;<br \/>\nLudwig Schmidtpeter ||\u00a0 Saarbruecken ||\u00a0 Mail \u00a0\u00a0 info(at)lu-x(dot)de<\/p>\n<h3>Datenschutzerkl\u00e4rung<\/h3>\n<p style=\"text-align: left;\">Personenbezogene Daten werden auf unseren Internetseiten nicht erhoben.<br \/>\nIn keinem Fall werden Daten ver\u00e4u\u00dfert oder sonst an Dritte weitergegeben.<br \/>\nWir freuen uns sehr, wenn unsere Homepage verlinkt wird \u2013 wichtig ist jedoch, dass wir keinen Einfluss auf Gestaltung und Inhalte der gelinkten Seiten haben. Ausdr\u00fccklich m\u00fcssen wir uns daher von den Inhalten bei direkten oder indirekten Verweisen auf fremde Webseiten distanzieren.<\/p>\n<h3>Urheberrecht und Kennzeichnungspflichten<\/h3>\n<p>Die auf diesen Seiten ver\u00f6ffentlichten Inhalte unterliegen deutschem Urheberrecht. Vervielf\u00e4ltigung, Bearbeitung, Verbreitung und Verwertung au\u00dferhalb der Grenzen des Urheberrechtes bed\u00fcrfen einer schriftlichen Zustimmung. Downloads und Kopien dieser Seite sind nur f\u00fcr privaten, nicht kommerziellen Gebrauch gestattet.<\/p>\n<p style=\"text-align: left;\">Es ist unser Ziel, in allen Publikationen die Urheberrechte der verwendeten Grafiken, Texte, Ton- und Videosequenzen von Dritten ebenso zu beachten. Alle innerhalb dieses Internetangebotes genannten und ggf. durch Dritte gesch\u00fctzten Marken- und Warenzeichen unterliegen somit uneingeschr\u00e4nkt den Rechten der jeweils eingetragenen Eigent\u00fcmer.<\/p>\n<hr \/>\n<p>&nbsp;<\/p>\n","protected":false},"excerpt":{"rendered":"<p>&nbsp; Proof of Authenticity This sign stands for authenticity. Never trust any lu-x.de webpage without. Responsibility Responsible for page content according to \u00a7 5 TMG \/ Telemedia Act\u2028- but not &#8230;<\/p>\n","protected":false},"author":1,"featured_media":0,"parent":0,"menu_order":0,"comment_status":"closed","ping_status":"closed","template":"","meta":{"footnotes":""},"class_list":["post-177","page","type-page","status-publish","hentry"],"_links":{"self":[{"href":"https:\/\/ludwig-schmidtpeter.de\/index.php\/wp-json\/wp\/v2\/pages\/177","targetHints":{"allow":["GET"]}}],"collection":[{"href":"https:\/\/ludwig-schmidtpeter.de\/index.php\/wp-json\/wp\/v2\/pages"}],"about":[{"href":"https:\/\/ludwig-schmidtpeter.de\/index.php\/wp-json\/wp\/v2\/types\/page"}],"author":[{"embeddable":true,"href":"https:\/\/ludwig-schmidtpeter.de\/index.php\/wp-json\/wp\/v2\/users\/1"}],"replies":[{"embeddable":true,"href":"https:\/\/ludwig-schmidtpeter.de\/index.php\/wp-json\/wp\/v2\/comments?post=177"}],"version-history":[{"count":0,"href":"https:\/\/ludwig-schmidtpeter.de\/index.php\/wp-json\/wp\/v2\/pages\/177\/revisions"}],"wp:attachment":[{"href":"https:\/\/ludwig-schmidtpeter.de\/index.php\/wp-json\/wp\/v2\/media?parent=177"}],"curies":[{"name":"wp","href":"https:\/\/api.w.org\/{rel}","templated":true}]}}