{"id":733,"date":"2016-10-26T11:40:46","date_gmt":"2016-10-26T10:40:46","guid":{"rendered":"http:\/\/lu-x.de\/blog\/?page_id=733"},"modified":"2023-10-10T17:08:26","modified_gmt":"2023-10-10T17:08:26","slug":"vita","status":"publish","type":"page","link":"https:\/\/ludwig-schmidtpeter.de\/index.php\/vita\/","title":{"rendered":"about"},"content":{"rendered":"\n<div class=\"wp-block-columns has-2-columns is-layout-flex wp-container-core-columns-is-layout-9d6595d7 wp-block-columns-is-layout-flex\">\n<div class=\"wp-block-column is-layout-flow wp-block-column-is-layout-flow\">\n<h5 class=\"wp-block-heading\"><strong>Ludwig Schmidtpeter<\/strong><\/h5>\n\n\n\n<p>lebt in Saarbr\u00fccken und auf Balconia<br><a href=\"http:\/\/www.lu-x.de\">www.lu-x.de<\/a><\/p>\n<\/div>\n\n\n\n<div class=\"wp-block-column is-layout-flow wp-block-column-is-layout-flow\"><div class=\"wp-block-image\">\n<figure class=\"alignleft is-resized\"><a href=\"http:\/\/lu-x.de\/blog\/wp-content\/2016\/11\/selbst_detsil.jpg\"><img loading=\"lazy\" decoding=\"async\" src=\"http:\/\/lu-x.de\/blog\/wp-content\/2015\/10\/selbst_neu3-Wiederhergestellt_kl-113x150.jpg\" alt=\"selbst_neu3-Wiederhergestellt_kl\" class=\"wp-image-669\" width=\"113\" height=\"150\"\/><\/a><figcaption class=\"wp-element-caption\">selbst-neu3-hi-res<\/figcaption><\/figure>\n<\/div>\n\n\n<p><\/p>\n<\/div>\n<\/div>\n\n\n\n<h5 class=\"wp-block-heading\">Installation || Film || Photography || None of the above<\/h5>\n\n\n\n<div style=\"height:74px\" aria-hidden=\"true\" class=\"wp-block-spacer\"><\/div>\n\n\n\n<p>2023 <a rel=\"noreferrer noopener\" href=\"https:\/\/kuenstlerhaus-saar.de\/mitgliederausstellung-jamboree-30-03-21-0352023-eroeffnung-mittwoch-29-03-2023-19-uhr\/\" target=\"_blank\">Jumbo Ree! <\/a>Beitrag von lu-x &amp; DALL-E zur Mitgliederausstellung im Saarl\u00e4ndischen K\u00fcnstlerhaus, Saarbr\u00fccken<br>2022 zu Gast im <a rel=\"noreferrer noopener\" href=\"http:\/\/progr.ch\" data-type=\"URL\" data-id=\"progr.ch\" target=\"_blank\">Progr, Bern <\/a><br>2020 <a href=\"https:\/\/ludwig-schmidtpeter.de\/wp-content\/uploads\/2023\/03\/SaKue_200617_galerie_lockerung.jpg\" target=\"_blank\" rel=\"noreferrer noopener\">Letzte Lockerung<\/a>, Mitgliederausstellung im Saarl\u00e4ndischen K\u00fcnstlerhaus, Saarbr\u00fccken<br>2019 Balconia Export, Installation im Rahmen von Transposition 2, Tufa, Trier<br>2019 <a rel=\"noreferrer noopener\" aria-label=\"Landpartie (opens in a new tab)\" href=\"https:\/\/mwfk.brandenburg.de\/cms\/detail.php\/bb1.c.624096.de\" target=\"_blank\">Landpartie<\/a>, Linoldrucke, Wiepersdorf Stipendiaten im Ministerium f\u00fcr Wissenschaft und Kultur, Potsdam<br>2018 <a href=\"http:\/\/lu-x.de\/blog\/index.php\/installation\/erbgut\/\">erbgut<\/a>, Installation, Kulturverein Saarbr\u00fccken Burbach<br>2018 <a rel=\"noreferrer noopener\" aria-label=\"minimax (opens in a new tab)\" href=\"http:\/\/lu-x.de\/blog\/wp-content\/2017\/03\/minimax_web.pdf\" target=\"_blank\">minimax<\/a>, Installation, K\u00fcnstlerhaus Schloss Wiepersdorf<br>2017 Dao Pop up Store, Fotografie, zusammen mit Henrike Kreck, Garelly Haus, Saarbr\u00fccken<br>2016 <a href=\"http:\/\/lu-x.de\/blog\/index.php\/installation\/kleines-kammerspiel\/\">Kleines Kammerspiel<\/a>, Installation, E-Werk, Freiburg im Rahmen von <em>transposition fr-sb<\/em><br>2015 <a rel=\"noreferrer noopener\" href=\"http:\/\/www.sacredgroundfilm.com\" target=\"_blank\">Sacred Ground<\/a>, Dokumentarfilm zusammen mit Tim Gr\u00fcnewald, <a rel=\"noreferrer noopener\" href=\"https:\/\/www.imdb.com\/title\/tt4077178\/?ref_=nm_knf_i_1\" target=\"_blank\">IMDB<\/a><br>2015 <a rel=\"noreferrer noopener\" href=\"http:\/\/lu-x.de\/blog\/index.php\/glass\/mosaikjungfer\/\" target=\"_blank\">Mosaikjungfer<\/a>, Buntglasmosaik im Rahmen von \u201eHelden\u201c, Saarl\u00e4ndisches K\u00fcnstlerhaus Saarbr\u00fccken<br>2014 <a rel=\"noreferrer noopener\" href=\"http:\/\/lu-x.de\/blog\/index.php\/archive\/itrust-hongkong\/\" target=\"_blank\">itrust.hk<\/a>, Installation und Performance zusammen mit Tim Gr\u00fcnewald, Hong Kong Arts Walk<br>2013 <a rel=\"noreferrer noopener\" href=\"http:\/\/lu-x.de\/blog\/index.php\/archive\/itrustipark\/\" target=\"_blank\">itrust\/ipark<\/a>, Installation, Saarl\u00e4ndisches K\u00fcnstlerhaus Saarbr\u00fccken<br>2011 <a rel=\"noreferrer noopener\" href=\"http:\/\/lu-x.de\/blog\/index.php\/installation\/virtuelles-kraftwerk\/\" target=\"_blank\">virtuelles Kraftwerk<\/a>, Installation, K\u00fcnstlerdorf Sch\u00f6ppingen<br>2009 <a rel=\"noreferrer noopener\" href=\"http:\/\/lu-x.de\/blog\/index.php\/installation\/drive-by-shooting\/\" target=\"_blank\">drive-by-shooting<\/a>, Installation, Sentiers Rouges, Esch sur Alzette, Luxemburg<br>2008 <a rel=\"noreferrer noopener\" href=\"http:\/\/lu-x.de\/blog\/index.php\/photos\/bios\/\" target=\"_blank\">bios<\/a>, Installation, Atelier Verdet, Saarbr\u00fccken<br>2007 <a rel=\"noreferrer noopener\" href=\"http:\/\/lu-x.de\/blog\/index.php\/photos\/aquarium\/\" target=\"_blank\">Aquarium<\/a>, Installation, Galerie GOSZ, Saarbr\u00fccken<br>2006 <a rel=\"noreferrer noopener\" href=\"http:\/\/www.lu-x.de\/lux_de\/Fotos\/Mosambik\/index.htm\" target=\"_blank\">Fotos aus Mosambik<\/a> und ausgew\u00e4hlte Objekte \u00fcber die Verg\u00e4nglichkeit, Installation, Silo, Saarbr\u00fccken<br>2004 <a rel=\"noreferrer noopener\" href=\"http:\/\/lu-x.de\/lux_de\/frei\/krypta\/\" target=\"_blank\">krypta 1.0<\/a>, Installation, HBKsaar, Saarbr\u00fccken<br>2001 <a rel=\"noreferrer noopener\" href=\"http:\/\/www.lu-x.de\/lux_de\/frei\/undefined\/index.htm\" target=\"_blank\">undefined_space<\/a>, Installation, HBKsaar, Saarbr\u00fccken<\/p>\n\n\n\n<div style=\"height:54px\" aria-hidden=\"true\" class=\"wp-block-spacer\"><\/div>\n\n\n\n<p># <a href=\"https:\/\/ludwig-schmidtpeter.de\/index.php\/download\/\" data-type=\"page\" data-id=\"836\">download area<\/a><br># <a href=\"http:\/\/staement\">statement<\/a><\/p>\n\n\n\n<div class=\"wp-block-columns has-2-columns is-layout-flex wp-container-core-columns-is-layout-9d6595d7 wp-block-columns-is-layout-flex\">\n<div class=\"wp-block-column is-layout-flow wp-block-column-is-layout-flow\">\n<p><\/p>\n<\/div>\n\n\n\n<div class=\"wp-block-column is-layout-flow wp-block-column-is-layout-flow\"><span class=\"su-lightbox\" data-mfp-src=\"http:\/\/lu-x.de\/blog\/wp-content\/2016\/11\/selbst_detsil.jpg\" data-mfp-type=\"image\" data-mobile=\"yes\"><\/span>\n<\/div>\n<\/div>\n","protected":false},"excerpt":{"rendered":"<p>Ludwig Schmidtpeter lebt in Saarbr\u00fccken und auf Balconiawww.lu-x.de Installation || Film || Photography || None of the above 2023 Jumbo Ree! Beitrag von lu-x &amp; DALL-E zur Mitgliederausstellung im Saarl\u00e4ndischen &#8230;<\/p>\n","protected":false},"author":1,"featured_media":0,"parent":0,"menu_order":0,"comment_status":"closed","ping_status":"closed","template":"","meta":{"footnotes":""},"class_list":["post-733","page","type-page","status-publish","hentry"],"_links":{"self":[{"href":"https:\/\/ludwig-schmidtpeter.de\/index.php\/wp-json\/wp\/v2\/pages\/733","targetHints":{"allow":["GET"]}}],"collection":[{"href":"https:\/\/ludwig-schmidtpeter.de\/index.php\/wp-json\/wp\/v2\/pages"}],"about":[{"href":"https:\/\/ludwig-schmidtpeter.de\/index.php\/wp-json\/wp\/v2\/types\/page"}],"author":[{"embeddable":true,"href":"https:\/\/ludwig-schmidtpeter.de\/index.php\/wp-json\/wp\/v2\/users\/1"}],"replies":[{"embeddable":true,"href":"https:\/\/ludwig-schmidtpeter.de\/index.php\/wp-json\/wp\/v2\/comments?post=733"}],"version-history":[{"count":8,"href":"https:\/\/ludwig-schmidtpeter.de\/index.php\/wp-json\/wp\/v2\/pages\/733\/revisions"}],"predecessor-version":[{"id":1917,"href":"https:\/\/ludwig-schmidtpeter.de\/index.php\/wp-json\/wp\/v2\/pages\/733\/revisions\/1917"}],"wp:attachment":[{"href":"https:\/\/ludwig-schmidtpeter.de\/index.php\/wp-json\/wp\/v2\/media?parent=733"}],"curies":[{"name":"wp","href":"https:\/\/api.w.org\/{rel}","templated":true}]}}